{"id":6657,"date":"2022-07-07T10:40:41","date_gmt":"2022-07-07T13:40:41","guid":{"rendered":"https:\/\/soumito.com.br\/?page_id=6657"},"modified":"2022-07-19T16:22:00","modified_gmt":"2022-07-19T19:22:00","slug":"home","status":"publish","type":"page","link":"https:\/\/soumito.com.br\/","title":{"rendered":"Homepage"},"content":{"rendered":"\t\t<div data-elementor-type=\"wp-page\" data-elementor-id=\"6657\" class=\"elementor elementor-6657\">\n\t\t\t\t\t\t\t\t\t<section class=\"elementor-section elementor-top-section elementor-element elementor-element-f2ff528 elementor-section-boxed elementor-section-height-default elementor-section-height-default\" data-id=\"f2ff528\" data-element_type=\"section\">\n\t\t\t\t\t\t<div class=\"elementor-container elementor-column-gap-no\">\n\t\t\t\t\t<div class=\"elementor-column elementor-col-100 elementor-top-column elementor-element elementor-element-3ed392a8\" data-id=\"3ed392a8\" data-element_type=\"column\">\n\t\t\t<div class=\"elementor-widget-wrap elementor-element-populated\">\n\t\t\t\t\t\t\t\t<div class=\"elementor-element elementor-element-50190c1e elementor-widget elementor-widget-heading\" data-id=\"50190c1e\" data-element_type=\"widget\" data-widget_type=\"heading.default\">\n\t\t\t\t<div class=\"elementor-widget-container\">\n\t\t\t<style>\/*! elementor - v3.6.7 - 03-07-2022 *\/\n.elementor-heading-title{padding:0;margin:0;line-height:1}.elementor-widget-heading .elementor-heading-title[class*=elementor-size-]>a{color:inherit;font-size:inherit;line-height:inherit}.elementor-widget-heading .elementor-heading-title.elementor-size-small{font-size:15px}.elementor-widget-heading .elementor-heading-title.elementor-size-medium{font-size:19px}.elementor-widget-heading .elementor-heading-title.elementor-size-large{font-size:29px}.elementor-widget-heading .elementor-heading-title.elementor-size-xl{font-size:39px}.elementor-widget-heading .elementor-heading-title.elementor-size-xxl{font-size:59px}<\/style><h2 class=\"elementor-heading-title elementor-size-default\">SOUMITO CHEGOU!<\/h2>\t\t<\/div>\n\t\t\t\t<\/div>\n\t\t\t\t<section class=\"elementor-section elementor-inner-section elementor-element elementor-element-5c9c93d5 elementor-section-full_width elementor-section-height-default elementor-section-height-default\" data-id=\"5c9c93d5\" data-element_type=\"section\">\n\t\t\t\t\t\t<div class=\"elementor-container elementor-column-gap-no\">\n\t\t\t\t\t<div class=\"elementor-column elementor-col-100 elementor-inner-column elementor-element elementor-element-1b5c2c44\" data-id=\"1b5c2c44\" data-element_type=\"column\">\n\t\t\t<div class=\"elementor-widget-wrap elementor-element-populated\">\n\t\t\t\t\t\t\t\t<div class=\"elementor-element elementor-element-45d5aa02 elementor-widget elementor-widget-text-editor\" data-id=\"45d5aa02\" data-element_type=\"widget\" data-widget_type=\"text-editor.default\">\n\t\t\t\t<div class=\"elementor-widget-container\">\n\t\t\t<style>\/*! elementor - v3.6.7 - 03-07-2022 *\/\n.elementor-widget-text-editor.elementor-drop-cap-view-stacked .elementor-drop-cap{background-color:#818a91;color:#fff}.elementor-widget-text-editor.elementor-drop-cap-view-framed .elementor-drop-cap{color:#818a91;border:3px solid;background-color:transparent}.elementor-widget-text-editor:not(.elementor-drop-cap-view-default) .elementor-drop-cap{margin-top:8px}.elementor-widget-text-editor:not(.elementor-drop-cap-view-default) .elementor-drop-cap-letter{width:1em;height:1em}.elementor-widget-text-editor .elementor-drop-cap{float:left;text-align:center;line-height:1;font-size:50px}.elementor-widget-text-editor .elementor-drop-cap-letter{display:inline-block}<\/style>\t\t\t\t<p><b>Para voc\u00ea j\u00e1 ir se hidratando!<\/b><\/p>\n<p><b>COMPRE PELA INTERNET E ECONOMIZE.<\/b><\/p>\n<p><b>A SOUMITO \u00e9 uma das principais empresas de \u00e1gua mineral do Brasil. Nossa fonte \u00e9 encravada na rocha, em meio a natureza, onde realizamos um processo cuidadoso em todas as etapas de produ\u00e7\u00e3o da \u00e1gua SOUMITO. Com laborat\u00f3rios e equipamentos de \u00faltima gera\u00e7\u00e3o atestamos a qualidade do nosso produto para que voc\u00ea consumidor tenha a certeza de ter a melhor \u00e1gua do Brasil, direto da fonte at\u00e9 a sua casa!<\/b><\/p>\t\t\t\t\t\t<\/div>\n\t\t\t\t<\/div>\n\t\t\t\t\t<\/div>\n\t\t<\/div>\n\t\t\t\t\t\t\t<\/div>\n\t\t<\/section>\n\t\t\t\t\t<\/div>\n\t\t<\/div>\n\t\t\t\t\t\t\t<\/div>\n\t\t<\/section>\n\t\t\t\t<section class=\"elementor-section elementor-top-section elementor-element elementor-element-f4d691f elementor-section-boxed elementor-section-height-default elementor-section-height-default\" data-id=\"f4d691f\" data-element_type=\"section\" data-settings=\"{&quot;background_background&quot;:&quot;classic&quot;}\">\n\t\t\t\t\t\t<div class=\"elementor-container elementor-column-gap-default\">\n\t\t\t\t\t<div class=\"elementor-column elementor-col-100 elementor-top-column elementor-element elementor-element-43a24046\" data-id=\"43a24046\" data-element_type=\"column\">\n\t\t\t<div class=\"elementor-widget-wrap elementor-element-populated\">\n\t\t\t\t\t\t\t\t<div class=\"elementor-element elementor-element-14dad82c elementor-widget elementor-widget-heading\" data-id=\"14dad82c\" data-element_type=\"widget\" data-widget_type=\"heading.default\">\n\t\t\t\t<div class=\"elementor-widget-container\">\n\t\t\t<h2 class=\"elementor-heading-title elementor-size-default\">A melhor combina\u00e7\u00e3o entre qualidade e transpar\u00eancia<\/h2>\t\t<\/div>\n\t\t\t\t<\/div>\n\t\t\t\t\t<\/div>\n\t\t<\/div>\n\t\t\t\t\t\t\t<\/div>\n\t\t<\/section>\n\t\t\t\t<section class=\"elementor-section elementor-top-section elementor-element elementor-element-3f6dfe44 elementor-section-boxed elementor-section-height-default elementor-section-height-default\" data-id=\"3f6dfe44\" data-element_type=\"section\" data-settings=\"{&quot;background_background&quot;:&quot;classic&quot;}\">\n\t\t\t\t\t\t<div class=\"elementor-container elementor-column-gap-default\">\n\t\t\t\t\t<div class=\"elementor-column elementor-col-33 elementor-top-column elementor-element elementor-element-4af2d9fb\" data-id=\"4af2d9fb\" data-element_type=\"column\" data-settings=\"{&quot;background_background&quot;:&quot;classic&quot;}\">\n\t\t\t<div class=\"elementor-widget-wrap elementor-element-populated\">\n\t\t\t\t\t<div class=\"elementor-background-overlay\"><\/div>\n\t\t\t\t\t\t\t\t<div class=\"elementor-element elementor-element-ca22a60 elementor-widget elementor-widget-text-editor\" data-id=\"ca22a60\" data-element_type=\"widget\" data-widget_type=\"text-editor.default\">\n\t\t\t\t<div class=\"elementor-widget-container\">\n\t\t\t\t\t\t\t<p>Frescor, pureza e leveza \u2013 Esses s\u00e3o os principais atributos dos produtos SOUMITO.<\/p>\t\t\t\t\t\t<\/div>\n\t\t\t\t<\/div>\n\t\t\t\t\t<\/div>\n\t\t<\/div>\n\t\t\t\t<div class=\"elementor-column elementor-col-33 elementor-top-column elementor-element elementor-element-70d184e\" data-id=\"70d184e\" data-element_type=\"column\" data-settings=\"{&quot;background_background&quot;:&quot;classic&quot;}\">\n\t\t\t<div class=\"elementor-widget-wrap elementor-element-populated\">\n\t\t\t\t\t<div class=\"elementor-background-overlay\"><\/div>\n\t\t\t\t\t\t\t\t<div class=\"elementor-element elementor-element-e2570e8 elementor-widget elementor-widget-heading\" data-id=\"e2570e8\" data-element_type=\"widget\" data-widget_type=\"heading.default\">\n\t\t\t\t<div class=\"elementor-widget-container\">\n\t\t\t<h2 class=\"elementor-heading-title elementor-size-default\">SOUMITO<\/h2>\t\t<\/div>\n\t\t\t\t<\/div>\n\t\t\t\t<div class=\"elementor-element elementor-element-d97a889 elementor-widget elementor-widget-text-editor\" data-id=\"d97a889\" data-element_type=\"widget\" data-widget_type=\"text-editor.default\">\n\t\t\t\t<div class=\"elementor-widget-container\">\n\t\t\t\t\t\t\t<p>Todo o processo de envasamento dos produtos SOUMITO \u00e9 feito preservando os mananciais da \u00e1rea e respeitando o meio ambiente.<\/p>\t\t\t\t\t\t<\/div>\n\t\t\t\t<\/div>\n\t\t\t\t\t<\/div>\n\t\t<\/div>\n\t\t\t\t<div class=\"elementor-column elementor-col-33 elementor-top-column elementor-element elementor-element-8535f1e\" data-id=\"8535f1e\" data-element_type=\"column\" data-settings=\"{&quot;background_background&quot;:&quot;classic&quot;}\">\n\t\t\t<div class=\"elementor-widget-wrap elementor-element-populated\">\n\t\t\t\t\t<div class=\"elementor-background-overlay\"><\/div>\n\t\t\t\t\t\t\t\t<div class=\"elementor-element elementor-element-d190734 elementor-widget elementor-widget-text-editor\" data-id=\"d190734\" data-element_type=\"widget\" data-widget_type=\"text-editor.default\">\n\t\t\t\t<div class=\"elementor-widget-container\">\n\t\t\t\t\t\t\t<p>EQUIL\u00cdBRIO \u00e9 a palavra chave. Para isto, a \u00e1gua mineral SOUMITO \u00e9 reconhecida como a \u00e1gua ideal para manter sua sa\u00fade e bem estar.<\/p>\t\t\t\t\t\t<\/div>\n\t\t\t\t<\/div>\n\t\t\t\t\t<\/div>\n\t\t<\/div>\n\t\t\t\t\t\t\t<\/div>\n\t\t<\/section>\n\t\t\t\t<section class=\"elementor-section elementor-top-section elementor-element elementor-element-c35d583 elementor-section-full_width elementor-section-height-default elementor-section-height-default\" data-id=\"c35d583\" data-element_type=\"section\">\n\t\t\t\t\t\t<div class=\"elementor-container elementor-column-gap-default\">\n\t\t\t\t\t<div class=\"elementor-column elementor-col-100 elementor-top-column elementor-element elementor-element-162e8a2\" data-id=\"162e8a2\" data-element_type=\"column\" data-settings=\"{&quot;background_background&quot;:&quot;classic&quot;}\">\n\t\t\t<div class=\"elementor-widget-wrap elementor-element-populated\">\n\t\t\t\t\t\t\t\t<div class=\"elementor-element elementor-element-0d4f67b elementor-widget elementor-widget-heading\" data-id=\"0d4f67b\" data-element_type=\"widget\" data-widget_type=\"heading.default\">\n\t\t\t\t<div class=\"elementor-widget-container\">\n\t\t\t<h2 class=\"elementor-heading-title elementor-size-default\">FALE CONOSCO<\/h2>\t\t<\/div>\n\t\t\t\t<\/div>\n\t\t\t\t<div class=\"elementor-element elementor-element-2230ea7 elementor-widget-tablet__width-inherit elementor-widget-mobile__width-inherit elementor-widget elementor-widget-text-editor\" data-id=\"2230ea7\" data-element_type=\"widget\" data-widget_type=\"text-editor.default\">\n\t\t\t\t<div class=\"elementor-widget-container\">\n\t\t\t\t\t\t\t<p>Endere\u00e7o: Rua Dr Jo\u00e3o Goulart n\u00famero 426, bairro Morada Campestre<\/p><p>S\u00e3o Jos\u00e9 do Rio Preto SP<\/p><p>E-mail:\u00a0golden.atendimento.sac@gmail.com<\/p><p>Telefone: (17) 3011- 9395<\/p><h3><a href=\"https:\/\/pag.ae\/7YtHCn5NL\" target=\"_blank\" rel=\"noopener\">COMPRE AQUI COM PAGSEGURO!<\/a><\/h3><p>Voc\u00ea tamb\u00e9m pode copiar e colar o link: https:\/\/pag.ae\/7YtHCn5N<br \/>\u00a0<\/p>\t\t\t\t\t\t<\/div>\n\t\t\t\t<\/div>\n\t\t\t\t<div class=\"elementor-element elementor-element-a3a68f1 elementor-widget elementor-widget-google_maps\" data-id=\"a3a68f1\" data-element_type=\"widget\" data-widget_type=\"google_maps.default\">\n\t\t\t\t<div class=\"elementor-widget-container\">\n\t\t\t<style>\/*! elementor - v3.6.7 - 03-07-2022 *\/\n.elementor-widget-google_maps .elementor-widget-container{overflow:hidden}.elementor-widget-google_maps iframe{height:300px}<\/style>\t\t<div class=\"elementor-custom-embed\">\n\t\t\t<iframe frameborder=\"0\" scrolling=\"no\" marginheight=\"0\" marginwidth=\"0\"\n\t\t\t\t\tsrc=\"https:\/\/maps.google.com\/maps?q=Rua%20Dr%20Jo%C3%A3o%20Goulart%20n%C3%BAmero%20426%2C%20bairro%20Morada%20Campestre&#038;t=m&#038;z=16&#038;output=embed&#038;iwloc=near\"\n\t\t\t\t\ttitle=\"Rua Dr Jo\u00e3o Goulart n\u00famero 426, bairro Morada Campestre\"\n\t\t\t\t\taria-label=\"Rua Dr Jo\u00e3o Goulart n\u00famero 426, bairro Morada Campestre\"\n\t\t\t><\/iframe>\n\t\t<\/div>\n\t\t\t\t<\/div>\n\t\t\t\t<\/div>\n\t\t\t\t\t<\/div>\n\t\t<\/div>\n\t\t\t\t\t\t\t<\/div>\n\t\t<\/section>\n\t\t\t\t\t\t\t<\/div>\n\t\t","protected":false},"excerpt":{"rendered":"<p>SOUMITO CHEGOU! Para voc\u00ea j\u00e1 ir se hidratando! COMPRE PELA INTERNET E ECONOMIZE. A SOUMITO \u00e9 uma das principais empresas de \u00e1gua mineral do Brasil. Nossa fonte \u00e9 encravada na rocha, em meio a natureza, onde realizamos um processo cuidadoso em todas as etapas de produ\u00e7\u00e3o da \u00e1gua SOUMITO. Com laborat\u00f3rios e equipamentos de \u00faltima &hellip; <\/p>\n<p class=\"link-more\"><a href=\"https:\/\/soumito.com.br\/\" class=\"more-link\">Leia mais<span class=\"screen-reader-text\"> &#8220;Homepage&#8221;<\/span><\/a><\/p>\n","protected":false},"author":1,"featured_media":0,"parent":0,"menu_order":0,"comment_status":"closed","ping_status":"closed","template":"page-templates\/homepage-builder-bb.php","meta":{"footnotes":""},"class_list":["post-6657","page","type-page","status-publish","hentry"],"featured_media_urls":[],"_links":{"self":[{"href":"https:\/\/soumito.com.br\/index.php\/wp-json\/wp\/v2\/pages\/6657","targetHints":{"allow":["GET"]}}],"collection":[{"href":"https:\/\/soumito.com.br\/index.php\/wp-json\/wp\/v2\/pages"}],"about":[{"href":"https:\/\/soumito.com.br\/index.php\/wp-json\/wp\/v2\/types\/page"}],"author":[{"embeddable":true,"href":"https:\/\/soumito.com.br\/index.php\/wp-json\/wp\/v2\/users\/1"}],"replies":[{"embeddable":true,"href":"https:\/\/soumito.com.br\/index.php\/wp-json\/wp\/v2\/comments?post=6657"}],"version-history":[{"count":32,"href":"https:\/\/soumito.com.br\/index.php\/wp-json\/wp\/v2\/pages\/6657\/revisions"}],"predecessor-version":[{"id":6704,"href":"https:\/\/soumito.com.br\/index.php\/wp-json\/wp\/v2\/pages\/6657\/revisions\/6704"}],"wp:attachment":[{"href":"https:\/\/soumito.com.br\/index.php\/wp-json\/wp\/v2\/media?parent=6657"}],"curies":[{"name":"wp","href":"https:\/\/api.w.org\/{rel}","templated":true}]}}